{"id":43,"date":"2015-05-22T21:38:55","date_gmt":"2015-05-22T21:38:55","guid":{"rendered":"http:\/\/www.mgc.cl\/wp\/?page_id=43"},"modified":"2015-05-23T01:19:11","modified_gmt":"2015-05-23T01:19:11","slug":"clientes","status":"publish","type":"page","link":"http:\/\/www.mgc.cl\/en\/clientes\/","title":{"rendered":"Clients"},"content":{"rendered":"<p>Nuestro estudio cuenta con una vasta cartera de clientes constituida por compa\u00f1\u00edas mineras, los principales bancos de la plaza, compa\u00f1\u00edas de seguro, empresas constructoras, sociedades inmobiliarias, fondos de inversi\u00f3n, corporaciones y fundaciones, estudios jur\u00eddicos, sociedades extranjeras y diversas compa\u00f1\u00edas productivas e inversionistas en los distintos \u00e1mbitos del desarrollo productivo y empresarial.<\/p>\n","protected":false},"excerpt":{"rendered":"<p>Nuestro estudio cuenta con una vasta cartera de clientes constituida por compa\u00f1\u00edas mineras, los principales bancos de la plaza, compa\u00f1\u00edas de seguro, empresas constructoras, sociedades inmobiliarias, fondos de inversi\u00f3n, corporaciones y fundaciones, estudios jur\u00eddicos, sociedades extranjeras y diversas compa\u00f1\u00edas productivas e inversionistas en los distintos \u00e1mbitos del desarrollo productivo y empresarial.<\/p>\n","protected":false},"author":1,"featured_media":75,"parent":0,"menu_order":5,"comment_status":"open","ping_status":"open","template":"page-clientes.php","meta":[],"acf":[],"_links":{"self":[{"href":"http:\/\/www.mgc.cl\/en\/wp-json\/wp\/v2\/pages\/43"}],"collection":[{"href":"http:\/\/www.mgc.cl\/en\/wp-json\/wp\/v2\/pages"}],"about":[{"href":"http:\/\/www.mgc.cl\/en\/wp-json\/wp\/v2\/types\/page"}],"author":[{"embeddable":true,"href":"http:\/\/www.mgc.cl\/en\/wp-json\/wp\/v2\/users\/1"}],"replies":[{"embeddable":true,"href":"http:\/\/www.mgc.cl\/en\/wp-json\/wp\/v2\/comments?post=43"}],"version-history":[{"count":2,"href":"http:\/\/www.mgc.cl\/en\/wp-json\/wp\/v2\/pages\/43\/revisions"}],"predecessor-version":[{"id":47,"href":"http:\/\/www.mgc.cl\/en\/wp-json\/wp\/v2\/pages\/43\/revisions\/47"}],"wp:featuredmedia":[{"embeddable":true,"href":"http:\/\/www.mgc.cl\/en\/wp-json\/wp\/v2\/media\/75"}],"wp:attachment":[{"href":"http:\/\/www.mgc.cl\/en\/wp-json\/wp\/v2\/media?parent=43"}],"curies":[{"name":"wp","href":"https:\/\/api.w.org\/{rel}","templated":true}]}}