{"id":35,"date":"2015-05-22T21:34:09","date_gmt":"2015-05-22T21:34:09","guid":{"rendered":"http:\/\/www.mgc.cl\/wp\/?page_id=35"},"modified":"2015-05-23T00:19:36","modified_gmt":"2015-05-23T00:19:36","slug":"maria-cristina-olivares","status":"publish","type":"page","link":"http:\/\/www.mgc.cl\/en\/equipo\/maria-cristina-olivares\/","title":{"rendered":"Mar\u00eda Cristina Olivares"},"content":{"rendered":"<p><strong>Abogado Asociado<\/strong><\/p>\n<p><strong>Antecedentes Acad\u00e9micos<\/strong><br \/>\nEscuela de Derecho, Universidad de Chile<br \/>\nMaster of Laws (LL.M.). Universidad de California, Berkeley<br \/>\nDoctor Iuris. Universidad de G\u00f6ttingen, Alemania<\/p>\n<p><strong>\u00c1reas de Ejercicio<\/strong><br \/>\nAsesor\u00eda legal de inversi\u00f3n extranjera.  Evaluaci\u00f3n y due diligence  de proyectos mineros. Auditor\u00edas legales de empresas, proyectos mineros y aguas.<br \/>\nRelaciones con la comunidad.<br \/>\nContrataci\u00f3n nacional e internacional.<br \/>\nAsesor\u00eda integral de empresas<\/p>\n<p><strong>Experiencia Profesional<\/strong><br \/>\nEstudio Jur\u00eddico Carlos Jorquiera y Cia<br \/>\nEstudio Jur\u00eddico Makarim and Taira, Jakarta, Indonesia<br \/>\nLangton Clarke.<br \/>\nLevi\u2019s Strauss<br \/>\nSociedad Internacional de Telecomunicaciones Aereas (SITA).<br \/>\nAbogado y Managing Director Minera Westmin, Lomas Bayas.<br \/>\nDirector Centenario Copper Corporation<\/p>\n<p><strong>Email<\/strong><br \/>\nmcolivares@mgc.cl<\/p>\n","protected":false},"excerpt":{"rendered":"<p>Abogado Asociado Antecedentes Acad\u00e9micos Escuela de Derecho, Universidad de Chile Master of Laws (LL.M.). Universidad de California, Berkeley Doctor Iuris. Universidad de G\u00f6ttingen, Alemania \u00c1reas de Ejercicio Asesor\u00eda legal de inversi\u00f3n extranjera. Evaluaci\u00f3n y due diligence de proyectos mineros. Auditor\u00edas legales de empresas, proyectos mineros y aguas. Relaciones con la comunidad. Contrataci\u00f3n nacional e internacional. [&hellip;]<\/p>\n","protected":false},"author":1,"featured_media":0,"parent":12,"menu_order":10,"comment_status":"open","ping_status":"closed","template":"page-equipo.php","meta":[],"acf":[],"_links":{"self":[{"href":"http:\/\/www.mgc.cl\/en\/wp-json\/wp\/v2\/pages\/35"}],"collection":[{"href":"http:\/\/www.mgc.cl\/en\/wp-json\/wp\/v2\/pages"}],"about":[{"href":"http:\/\/www.mgc.cl\/en\/wp-json\/wp\/v2\/types\/page"}],"author":[{"embeddable":true,"href":"http:\/\/www.mgc.cl\/en\/wp-json\/wp\/v2\/users\/1"}],"replies":[{"embeddable":true,"href":"http:\/\/www.mgc.cl\/en\/wp-json\/wp\/v2\/comments?post=35"}],"version-history":[{"count":2,"href":"http:\/\/www.mgc.cl\/en\/wp-json\/wp\/v2\/pages\/35\/revisions"}],"predecessor-version":[{"id":59,"href":"http:\/\/www.mgc.cl\/en\/wp-json\/wp\/v2\/pages\/35\/revisions\/59"}],"up":[{"embeddable":true,"href":"http:\/\/www.mgc.cl\/en\/wp-json\/wp\/v2\/pages\/12"}],"wp:attachment":[{"href":"http:\/\/www.mgc.cl\/en\/wp-json\/wp\/v2\/media?parent=35"}],"curies":[{"name":"wp","href":"https:\/\/api.w.org\/{rel}","templated":true}]}}