{"id":25,"date":"2015-05-22T21:31:27","date_gmt":"2015-05-22T21:31:27","guid":{"rendered":"http:\/\/www.mgc.cl\/wp\/?page_id=25"},"modified":"2015-05-23T00:40:13","modified_gmt":"2015-05-23T00:40:13","slug":"andres-landeretche-moreno","status":"publish","type":"page","link":"http:\/\/www.mgc.cl\/en\/equipo\/andres-landeretche-moreno\/","title":{"rendered":"Andr\u00e9s Landeretche Moreno"},"content":{"rendered":"<p><strong>Abogado Asociado<\/strong><\/p>\n<p><strong>Antecedentes Acad\u00e9micos<\/strong><br \/>\nLicenciado en Ciencias Jur\u00eddicas y Sociales, Facultad de Derecho, Universidad de Chile.<br \/>\nMaster en Derecho Ambiental, King&#8217;s Collegue, Universidad de Londres.<\/p>\n<p><strong>\u00c1reas de Ejercicio<\/strong><br \/>\nMedio ambiente: Asesor\u00eda legal, Recursos Naturales, Cambio Clim\u00e1tico, An\u00e1lisis de riesgo, Sistemas de gesti\u00f3n, Auditor\u00eda y verificaci\u00f3n.<br \/>\nRelaciones Comunitarias: Integraci\u00f3n y dialogo, Inversi\u00f3n y desarrollo comunitario, Prevenci\u00f3n y resoluci\u00f3n de conflictos, Derechos humanos, Mecanismos de queja y Asuntos Ind\u00edgenas.<br \/>\nComunicaciones: Gesti\u00f3n de crisis, Relacionamiento con Grupos de Inter\u00e9s, Reportes de Sustentabilidad, Comunicaci\u00f3n estrat\u00e9gica, Encuestas de sustentabilidad, Estudios de percepci\u00f3n.<\/p>\n<p><strong>Experiencia Laboral<\/strong><br \/>\nSocio ENCO Sustainability Consulting.<br \/>\nProfesional con amplia experiencia en asuntos externos con foco en la generaci\u00f3n de valor a trav\u00e9s del involucramiento efectivo con stakeholders y la comunicaci\u00f3n estrat\u00e9gica.<br \/>\nPr\u00e1ctica significativa en las \u00e1reas de asuntos corporativos, comunicaciones, medio ambiente, y relacionamiento con la comunidad en distintas divisiones de negocios de BHP Billiton en Chile y Australia.<br \/>\nM\u00e1s de 16 a\u00f1os de experiencia internacional trabajando en el servicio diplom\u00e1tico de Chile con asignaciones en Sud\u00e1frica y Naciones Unidas en Nueva York.<br \/>\nVasta experiencia y habilidades en las \u00e1reas de las relaciones diplom\u00e1ticas, gesti\u00f3n de problemas, manejo de crisis, desarrollo sostenible, pol\u00edtica y gesti\u00f3n ambiental, ciudadan\u00eda corporativa, prevenci\u00f3n y resoluci\u00f3n de conflictos.<\/p>\n<p><strong>Docencia Universitaria<\/strong><br \/>\nProfesor Derecho Internacional P\u00fablico, Facultad de Derecho, Universidad del Desarrollo.<br \/>\nProfesor Desarrollo Sostenible, Academia Diplom\u00e1tica de Chile.<\/p>\n<p><strong>Email<\/strong><br \/>\n<a href=\"mailto:andreslanderretche@encosc.cl\">andreslanderretche@encosc.cl<\/a><br \/>\n<a href=\"http:\/\/www.encosustainabilityconsulting.cl\">www.encosustainabilityconsulting.cl<\/a><\/p>\n","protected":false},"excerpt":{"rendered":"<p>Abogado Asociado Antecedentes Acad\u00e9micos Licenciado en Ciencias Jur\u00eddicas y Sociales, Facultad de Derecho, Universidad de Chile. Master en Derecho Ambiental, King&#8217;s Collegue, Universidad de Londres. \u00c1reas de Ejercicio Medio ambiente: Asesor\u00eda legal, Recursos Naturales, Cambio Clim\u00e1tico, An\u00e1lisis de riesgo, Sistemas de gesti\u00f3n, Auditor\u00eda y verificaci\u00f3n. Relaciones Comunitarias: Integraci\u00f3n y dialogo, Inversi\u00f3n y desarrollo comunitario, Prevenci\u00f3n [&hellip;]<\/p>\n","protected":false},"author":1,"featured_media":68,"parent":12,"menu_order":5,"comment_status":"open","ping_status":"closed","template":"page-equipo.php","meta":[],"acf":[],"_links":{"self":[{"href":"http:\/\/www.mgc.cl\/en\/wp-json\/wp\/v2\/pages\/25"}],"collection":[{"href":"http:\/\/www.mgc.cl\/en\/wp-json\/wp\/v2\/pages"}],"about":[{"href":"http:\/\/www.mgc.cl\/en\/wp-json\/wp\/v2\/types\/page"}],"author":[{"embeddable":true,"href":"http:\/\/www.mgc.cl\/en\/wp-json\/wp\/v2\/users\/1"}],"replies":[{"embeddable":true,"href":"http:\/\/www.mgc.cl\/en\/wp-json\/wp\/v2\/comments?post=25"}],"version-history":[{"count":2,"href":"http:\/\/www.mgc.cl\/en\/wp-json\/wp\/v2\/pages\/25\/revisions"}],"predecessor-version":[{"id":53,"href":"http:\/\/www.mgc.cl\/en\/wp-json\/wp\/v2\/pages\/25\/revisions\/53"}],"up":[{"embeddable":true,"href":"http:\/\/www.mgc.cl\/en\/wp-json\/wp\/v2\/pages\/12"}],"wp:featuredmedia":[{"embeddable":true,"href":"http:\/\/www.mgc.cl\/en\/wp-json\/wp\/v2\/media\/68"}],"wp:attachment":[{"href":"http:\/\/www.mgc.cl\/en\/wp-json\/wp\/v2\/media?parent=25"}],"curies":[{"name":"wp","href":"https:\/\/api.w.org\/{rel}","templated":true}]}}