{"id":21,"date":"2015-05-22T21:30:28","date_gmt":"2015-05-22T21:30:28","guid":{"rendered":"http:\/\/www.mgc.cl\/wp\/?page_id=21"},"modified":"2015-05-23T00:35:31","modified_gmt":"2015-05-23T00:35:31","slug":"cesar-canales-toledo","status":"publish","type":"page","link":"http:\/\/www.mgc.cl\/en\/equipo\/cesar-canales-toledo\/","title":{"rendered":"C\u00e9sar Canales Toledo"},"content":{"rendered":"<p><strong>Socio<\/strong><\/p>\n<p><strong>Antecedentes Acad\u00e9micos<\/strong><br \/>\nLicenciado en Ciencias Jur\u00eddicas, Facultad de Derecho, Pontificia Universidad Cat\u00f3lica de Chile.<br \/>\nDiplomado en Derecho Tributario, Facultad de Derecho, Universidad de Chile.<br \/>\nDiplomado en Derecho de Seguros, Facultad de Derecho, Universidad Adolfo Ib\u00e1\u00f1ez.<br \/>\nDiplomado en Reforma Procesal Penal, Facultad de Derecho, Universidad del Desarrollo.<\/p>\n<p><strong>\u00c1reas de Ejercicio<\/strong><br \/>\nLitigios civiles, laborales y criminales.<br \/>\nDerechos de seguros y arbitrajes comerciales en general.<br \/>\nExperiencia en procesos de due diligence, auditor\u00edas legales y asesor\u00edas integrales a empresas.<\/p>\n<p><strong>Experiencia Laboral<\/strong><br \/>\nAbogado Asociado en Barros &#038; C\u00eda.<br \/>\nGerente Legal, \u00c1rea Seguros, Deloitte &#038; Touche.<br \/>\nAbogado Asociado en Goldenberg, Urz\u00faa, Rozas, Garc\u00eda y Montes.<br \/>\nAbogado Asociado en Renato De la Cerda y C\u00eda.<\/p>\n<p><strong>Email<\/strong><br \/>\ncesarcanales@mgc.cl<br \/>\n<\/p>","protected":false},"excerpt":{"rendered":"<p>Socio Antecedentes Acad\u00e9micos Licenciado en Ciencias Jur\u00eddicas, Facultad de Derecho, Pontificia Universidad Cat\u00f3lica de Chile. Diplomado en Derecho Tributario, Facultad de Derecho, Universidad de Chile. Diplomado en Derecho de Seguros, Facultad de Derecho, Universidad Adolfo Ib\u00e1\u00f1ez. Diplomado en Reforma Procesal Penal, Facultad de Derecho, Universidad del Desarrollo. \u00c1reas de Ejercicio Litigios civiles, laborales y criminales. [&hellip;]<\/p>\n","protected":false},"author":1,"featured_media":66,"parent":12,"menu_order":3,"comment_status":"open","ping_status":"closed","template":"page-equipo.php","meta":[],"acf":[],"_links":{"self":[{"href":"http:\/\/www.mgc.cl\/en\/wp-json\/wp\/v2\/pages\/21"}],"collection":[{"href":"http:\/\/www.mgc.cl\/en\/wp-json\/wp\/v2\/pages"}],"about":[{"href":"http:\/\/www.mgc.cl\/en\/wp-json\/wp\/v2\/types\/page"}],"author":[{"embeddable":true,"href":"http:\/\/www.mgc.cl\/en\/wp-json\/wp\/v2\/users\/1"}],"replies":[{"embeddable":true,"href":"http:\/\/www.mgc.cl\/en\/wp-json\/wp\/v2\/comments?post=21"}],"version-history":[{"count":3,"href":"http:\/\/www.mgc.cl\/en\/wp-json\/wp\/v2\/pages\/21\/revisions"}],"predecessor-version":[{"id":51,"href":"http:\/\/www.mgc.cl\/en\/wp-json\/wp\/v2\/pages\/21\/revisions\/51"}],"up":[{"embeddable":true,"href":"http:\/\/www.mgc.cl\/en\/wp-json\/wp\/v2\/pages\/12"}],"wp:featuredmedia":[{"embeddable":true,"href":"http:\/\/www.mgc.cl\/en\/wp-json\/wp\/v2\/media\/66"}],"wp:attachment":[{"href":"http:\/\/www.mgc.cl\/en\/wp-json\/wp\/v2\/media?parent=21"}],"curies":[{"name":"wp","href":"https:\/\/api.w.org\/{rel}","templated":true}]}}