{"id":19,"date":"2015-05-22T21:30:00","date_gmt":"2015-05-22T21:30:00","guid":{"rendered":"http:\/\/www.mgc.cl\/wp\/?page_id=19"},"modified":"2015-05-23T00:35:01","modified_gmt":"2015-05-23T00:35:01","slug":"eduardo-morales-robles","status":"publish","type":"page","link":"http:\/\/www.mgc.cl\/en\/equipo\/eduardo-morales-robles\/","title":{"rendered":"Eduardo Morales Robles"},"content":{"rendered":"<p><strong>Socio<\/strong><\/p>\n<p><strong>Antecedentes Acad\u00e9micos<\/strong><br \/>\nLicenciado en Ciencias Jur\u00eddicas y Sociales, Facultad de Derecho, Universidad de Chile.<\/p>\n<p><strong>\u00c1reas de Ejercicio<\/strong><br \/>\nDerecho Tributario, tributaci\u00f3n de la empresa, tributaci\u00f3n internacional y planificaci\u00f3n tributaria.<br \/>\nDerecho Civil y asuntos corporativos en general.<br \/>\nDerecho Penal y legislaci\u00f3n penal econ\u00f3mica.<br \/>\nExperiencia en procesos de due diligence, auditor\u00edas legales y asesor\u00edas integrales a empresas.<\/p>\n<p><strong>Experiencia Laboral<\/strong><br \/>\nSocio MGC Abogados.<br \/>\nAbogado Integrante Corte de Apelaciones de Santiago.<br \/>\nFiscal de Johnson&#8217;s S.A.<br \/>\nSocio Deloitte &#038; Touche.<br \/>\nDirector Editorial Salesiana.<br \/>\nAbogado en Langton Clarke y C\u00eda. Limitada<br \/>\nSocio de Consultora Integra Limitada.<br \/>\nAbogado Asociado en Philippi, Yrarraz\u00e1val, Pulido &#038; Brunner.<\/p>\n<p><strong>Docencia Universitaria<\/strong><br \/>\nProfesor Derecho Tributario, Facultad de Derecho, Universidad de Chile.<br \/>\nProfesor Derecho Penal de la Empresa, Facultad de Derecho, Universidad de Chile.<br \/>\nProfesor Magister en Derecho Tributario, Facultad de Derecho, Universidad de Chile.<br \/>\nProfesor Diplomado en Gesti\u00f3n y An\u00e1lisis Tributario, Facultad de Derecho, Pontificia Universidad Cat\u00f3lica de Chile.<br \/>\nProfesor Magister en Derecho Penal, Facultad de Derecho, Universidad de Chile.<br \/>\nProfesor Derecho Procesal y Derecho Tributario, Facultad de Derecho, Universidad Finis Terrae.<\/p>\n<p><strong>Email<\/strong><br \/>\n<a href=\"mailto:emorales@mgc.cl\" title=\"emorales@mgc.cl\">emorales@mgc.cl<\/a><\/p>\n","protected":false},"excerpt":{"rendered":"<p>Socio Antecedentes Acad\u00e9micos Licenciado en Ciencias Jur\u00eddicas y Sociales, Facultad de Derecho, Universidad de Chile. \u00c1reas de Ejercicio Derecho Tributario, tributaci\u00f3n de la empresa, tributaci\u00f3n internacional y planificaci\u00f3n tributaria. Derecho Civil y asuntos corporativos en general. Derecho Penal y legislaci\u00f3n penal econ\u00f3mica. Experiencia en procesos de due diligence, auditor\u00edas legales y asesor\u00edas integrales a empresas. [&hellip;]<\/p>\n","protected":false},"author":1,"featured_media":65,"parent":12,"menu_order":2,"comment_status":"open","ping_status":"closed","template":"page-equipo.php","meta":[],"acf":[],"_links":{"self":[{"href":"http:\/\/www.mgc.cl\/en\/wp-json\/wp\/v2\/pages\/19"}],"collection":[{"href":"http:\/\/www.mgc.cl\/en\/wp-json\/wp\/v2\/pages"}],"about":[{"href":"http:\/\/www.mgc.cl\/en\/wp-json\/wp\/v2\/types\/page"}],"author":[{"embeddable":true,"href":"http:\/\/www.mgc.cl\/en\/wp-json\/wp\/v2\/users\/1"}],"replies":[{"embeddable":true,"href":"http:\/\/www.mgc.cl\/en\/wp-json\/wp\/v2\/comments?post=19"}],"version-history":[{"count":3,"href":"http:\/\/www.mgc.cl\/en\/wp-json\/wp\/v2\/pages\/19\/revisions"}],"predecessor-version":[{"id":63,"href":"http:\/\/www.mgc.cl\/en\/wp-json\/wp\/v2\/pages\/19\/revisions\/63"}],"up":[{"embeddable":true,"href":"http:\/\/www.mgc.cl\/en\/wp-json\/wp\/v2\/pages\/12"}],"wp:featuredmedia":[{"embeddable":true,"href":"http:\/\/www.mgc.cl\/en\/wp-json\/wp\/v2\/media\/65"}],"wp:attachment":[{"href":"http:\/\/www.mgc.cl\/en\/wp-json\/wp\/v2\/media?parent=19"}],"curies":[{"name":"wp","href":"https:\/\/api.w.org\/{rel}","templated":true}]}}